{"id":1102,"date":"2020-05-06T23:59:45","date_gmt":"2020-05-06T23:59:45","guid":{"rendered":"https:\/\/cuyofilms.com\/servicios\/"},"modified":"2020-05-06T23:59:45","modified_gmt":"2020-05-06T23:59:45","slug":"servicios","status":"publish","type":"page","link":"https:\/\/cuyofilms.com\/?page_id=1102","title":{"rendered":"Servicios"},"content":{"rendered":"\t\t<div data-elementor-type=\"wp-page\" data-elementor-id=\"1102\" class=\"elementor elementor-1102\">\n\t\t\t\t\t\t\t\t\t<section class=\"elementor-section elementor-top-section elementor-element elementor-element-10cc94e5 elementor-section-boxed elementor-section-height-default elementor-section-height-default\" data-id=\"10cc94e5\" data-element_type=\"section\">\n\t\t\t\t\t\t<div class=\"elementor-container elementor-column-gap-default\">\n\t\t\t\t\t<div class=\"elementor-column elementor-col-100 elementor-top-column elementor-element elementor-element-565c1c6a\" data-id=\"565c1c6a\" data-element_type=\"column\">\n\t\t\t<div class=\"elementor-widget-wrap elementor-element-populated\">\n\t\t\t\t\t\t\t\t<div class=\"elementor-element elementor-element-1efe04f0 elementor-widget elementor-widget-text-editor\" data-id=\"1efe04f0\" data-element_type=\"widget\" data-widget_type=\"text-editor.default\">\n\t\t\t\t<div class=\"elementor-widget-container\">\n\t\t\t<style>\/*! elementor - v3.17.0 - 08-11-2023 *\/\n.elementor-widget-text-editor.elementor-drop-cap-view-stacked .elementor-drop-cap{background-color:#69727d;color:#fff}.elementor-widget-text-editor.elementor-drop-cap-view-framed .elementor-drop-cap{color:#69727d;border:3px solid;background-color:transparent}.elementor-widget-text-editor:not(.elementor-drop-cap-view-default) .elementor-drop-cap{margin-top:8px}.elementor-widget-text-editor:not(.elementor-drop-cap-view-default) .elementor-drop-cap-letter{width:1em;height:1em}.elementor-widget-text-editor .elementor-drop-cap{float:left;text-align:center;line-height:1;font-size:50px}.elementor-widget-text-editor .elementor-drop-cap-letter{display:inline-block}<\/style>\t\t\t\t<p><!-- wp:image {\"align\":\"full\",\"id\":3,\"sizeSlug\":\"full\"} --><\/p>\n<figure class=\"wp-block-image alignfull size-full\"><img fetchpriority=\"high\" decoding=\"async\" class=\"alignnone wp-image-936 size-full\" src=\"http:\/\/cuyofilms.com\/wp-content\/uploads\/2020\/05\/17-jun-97-scaled.jpg\" alt=\"\" width=\"2560\" height=\"1440\"><\/figure>\n<p><!-- \/wp:image --><!-- wp:heading {\"align\":\"center\"} --><\/p>\n<h2 class=\"has-text-align-center\">En Cuyo films podemos ayudarte a generar un video a partir de un concepto, una marca, o una obra art\u00edstica que necesite ser registrada.<\/h2>\n<p><!-- \/wp:heading --><!-- wp:coblocks\/services {\"columns\":3,\"className\":\"alignwide\"} --><\/p>\n<div class=\"wp-block-coblocks-services alignwide\">\n<div class=\"has-columns has-3-columns has-responsive-columns has-medium-gutter\">\n<p><!-- wp:coblocks\/service --><\/p>\n<div class=\"wp-block-coblocks-service\">\n<div class=\"wp-block-coblocks-service__content\">\n<p><!-- wp:heading {\"level\":5,\"placeholder\":\"Write title...\"} --><\/p>\n<h5 style=\"text-align: center;\">Video clips<\/h5>\n<figure class=\"wp-block-coblocks-service__figure\"><img decoding=\"async\" class=\"alignnone size-medium wp-image-939\" src=\"http:\/\/cuyofilms.com\/wp-content\/uploads\/2020\/05\/Mi-vida_-142-300x200.jpg\" alt=\"\" width=\"300\" height=\"200\"><\/figure>\n<p><!-- \/wp:heading --><!-- wp:paragraph --><\/p>\n<p>Muchos artistas emergentes buscan hacer un video clip para darse a conocer. Hacer que se vea diferente de tantos otros videos parecidos, que se hacen con las mismas herramientas t\u00e9cnicas, y planos similares, depende de hacer un buen gui\u00f3n, a partir del concepto de la canci\u00f3n y lo que el artista busca transmitir.<\/p>\n<p><!-- \/wp:paragraph --><\/p>\n<\/div>\n<\/div>\n<p><!-- \/wp:coblocks\/service --><!-- wp:coblocks\/service --><\/p>\n<div class=\"wp-block-coblocks-service\">\n<div class=\"wp-block-coblocks-service__content\">\n<p><!-- wp:heading {\"level\":5,\"placeholder\":\"Write title...\"} --><\/p>\n<h5 style=\"text-align: center;\">Registro de obras teatrales y de danza<\/h5>\n<p><!-- \/wp:heading --><!-- wp:paragraph --><\/p>\n<figure class=\"wp-block-coblocks-service__figure\"><img decoding=\"async\" class=\"alignnone wp-image-946 size-full\" src=\"http:\/\/cuyofilms.com\/wp-content\/uploads\/2020\/05\/comprame_-43-scaled.jpg\" alt=\"\" width=\"2560\" height=\"1440\"><\/figure>\n<p>Podemos grabar tu obra en alta definici\u00f3n Full HD o 4k en una sola toma, tal como la solicitan las convocatorias de becas; o a dos o tres c\u00e1maras para poder seguir los mejores momentos de cada interprete, y tener una visi\u00f3n m\u00e1s amplia de toda la obra, que quedar\u00e1 para la posteridad.<br><\/p>\n<p><!-- \/wp:paragraph --><\/p>\n<\/div>\n<\/div>\n<p><!-- \/wp:coblocks\/service --><!-- wp:coblocks\/service --><\/p>\n<div class=\"wp-block-coblocks-service\">\n<figure class=\"wp-block-coblocks-service__figure\"><\/figure>\n<div class=\"wp-block-coblocks-service__content\">\n<p><!-- wp:heading {\"level\":5,\"placeholder\":\"Write title...\"} --><\/p>\n<h5>Videos corporativos<\/h5>\n<p><!-- \/wp:heading --><!-- wp:paragraph --><\/p>\n<p><img loading=\"lazy\" decoding=\"async\" class=\"alignnone wp-image-950 size-full\" src=\"http:\/\/cuyofilms.com\/wp-content\/uploads\/2020\/05\/terapia-intensiva.jpg\" alt=\"\" width=\"2048\" height=\"1536\">Podemos resaltar las virtudes de una marca a trav\u00e9s de un video conceptual, o hacer un video resumen de tu empresa o negocio, tambi\u00e9n podemos hacer el registro puntual de un determinado taller, o evento que tengas programado.<br><\/p>\n<p><!-- \/wp:paragraph --><\/p>\n<\/div>\n<\/div>\n<p><!-- \/wp:coblocks\/service --><\/p>\n<\/div>\n<\/div>\n<p><!-- \/wp:coblocks\/services --><!-- wp:coblocks\/services {\"columns\":3,\"className\":\"alignwide\"} --><\/p>\n<div class=\"wp-block-coblocks-services alignwide\">\n<div class=\"has-columns has-3-columns has-responsive-columns has-medium-gutter\">\n<p><!-- wp:coblocks\/service --><\/p>\n<div class=\"wp-block-coblocks-service\">\n<div class=\"wp-block-coblocks-service__content\">\n<p><!-- wp:heading {\"level\":5,\"placeholder\":\"Write title...\"} --><\/p>\n<h5 style=\"text-align: center;\">Especialistas por \u00e1rea<\/h5>\n<p><!-- \/wp:heading --><!-- wp:paragraph --><\/p>\n<figure class=\"wp-block-coblocks-service__figure\"><img loading=\"lazy\" decoding=\"async\" class=\"alignnone wp-image-949 size-full\" src=\"http:\/\/cuyofilms.com\/wp-content\/uploads\/2020\/05\/eco-film-scaled.jpg\" alt=\"\" width=\"2560\" height=\"1707\"><\/figure>\n<p>Contamos con todo un cat\u00e1logo de especialistas que puedes contactar a trav\u00e9s de nuestra p\u00e1gina, para que te ayuden con necesidades espec\u00edficas, como fot\u00f3grafos, camar\u00f3grafos, maquillistas, dise\u00f1adores, realizadores, escritores, ilustradores, etc.<\/p>\n<p><!-- \/wp:paragraph --><\/p>\n<\/div>\n<\/div>\n<p><!-- \/wp:coblocks\/service --><!-- wp:coblocks\/service --><\/p>\n<div class=\"wp-block-coblocks-service\">\n<figure class=\"wp-block-coblocks-service__figure\"><img loading=\"lazy\" decoding=\"async\" class=\"alignnone size-full wp-image-942\" src=\"http:\/\/cuyofilms.com\/wp-content\/uploads\/2020\/05\/guionismo.jpeg\" alt=\"\" width=\"250\" height=\"155\"><\/figure>\n<div class=\"wp-block-coblocks-service__content\">\n<p><!-- wp:heading {\"level\":5,\"placeholder\":\"Write title...\"} --><\/p>\n<h5>Investigaci\u00f3n y guionismo<\/h5>\n<p><!-- \/wp:heading --><!-- wp:paragraph --><\/p>\n<p>Uno de las aspectos de los que m\u00e1s adolece la industria audiovisual, es la falta de claridad en el contenido del mismo, y esto proveniente de no hacer un correcto proceso de investigaci\u00f3n y escritura del gui\u00f3n, En Cuyo films estamos seguros de que la parte m\u00e1s importante de una producci\u00f3n, ocurre antes de grabar.<\/p>\n<p><!-- \/wp:paragraph --><\/p>\n<\/div>\n<\/div>\n<p><!-- \/wp:coblocks\/service --><!-- wp:coblocks\/service --><\/p>\n<div class=\"wp-block-coblocks-service\">\n<figure class=\"wp-block-coblocks-service__figure\"><img loading=\"lazy\" decoding=\"async\" class=\"alignnone wp-image-944 \" src=\"http:\/\/cuyofilms.com\/wp-content\/uploads\/2020\/05\/detra\u0301s-la-llamada-hotel_-87-scaled.jpg\" alt=\"\" width=\"233\" height=\"156\"><\/figure>\n<div class=\"wp-block-coblocks-service__content\">\n<p><!-- wp:heading {\"level\":5,\"placeholder\":\"Write title...\"} --><\/p>\n<h5>Renta de equipo<\/h5>\n<p><\/p>\n<p><!-- \/wp:heading --><!-- wp:paragraph --><\/p>\n<p>Si eres una productora independiente, o estudiante de comunicaci\u00f3n o cine, tenemos equipo de audio y video profesional a precios accesibles, que adem\u00e1s es ligero, y f\u00e1cil de transportar, pregunta por nuestros descuentos.<\/p>\n<p><!-- \/wp:paragraph --><\/p>\n<\/div>\n<\/div>\n<p><!-- \/wp:coblocks\/service --><\/p>\n<\/div>\n<\/div>\n<p><!-- \/wp:coblocks\/services --><!-- wp:cover {\"url\":\"http:\/\/cuyofilms.com\/wp-content\/uploads\/2020\/05\/home-image-1.jpg\",\"id\":1,\"overlayColor\":\"primary\",\"focalPoint\":{\"x\":0.7511520737327189,\"y\":0.8958333333333334},\"className\":\"alignfull\"} --><\/p>\n<div class=\"wp-block-cover has-primary-background-color has-background-dim alignfull\" style=\"background-image: url('http:\/\/cuyofilms.com\/wp-content\/uploads\/2020\/05\/home-image-1.jpg'); background-position: 75% 90%;\">\n<div class=\"wp-block-cover__inner-container\">\n<p><!-- wp:heading {\"align\":\"center\",\"level\":3} --><\/p>\n<h3>&nbsp;<\/h3>\n<h3 class=\"has-text-align-center\">Construyamos algo bello juntos<\/h3>\n<p><!-- \/wp:heading --><!-- wp:button {\"textColor\":\"quaternary\",\"align\":\"center\",\"className\":\"is-style-outline\"} --><\/p>\n<div class=\"wp-block-button aligncenter is-style-outline\"><span class=\"wp-block-button__link has-text-color has-quaternary-color\"><a href=\"http:\/\/cuyofilms.com\/contacto-2\/\" target=\"_blank\" rel=\"noopener\">Cont\u00e1ctanos<\/a><\/span><\/div>\n<p><!-- \/wp:button --><\/p>\n<\/div>\n<\/div>\n<p><!-- \/wp:cover --><\/p>\n<p><\/p>\t\t\t\t\t\t<\/div>\n\t\t\t\t<\/div>\n\t\t\t\t\t<\/div>\n\t\t<\/div>\n\t\t\t\t\t\t\t<\/div>\n\t\t<\/section>\n\t\t\t\t\t\t\t<\/div>\n\t\t","protected":false},"excerpt":{"rendered":"<p>En Cuyo films podemos ayudarte a generar un video a partir de un concepto, una marca, o una obra art\u00edstica que necesite [&hellip;]<\/p>\n","protected":false},"author":1,"featured_media":0,"parent":0,"menu_order":0,"comment_status":"closed","ping_status":"closed","template":"","meta":{"_coblocks_attr":"","_coblocks_dimensions":"","_coblocks_responsive_height":"","_coblocks_accordion_ie_support":"","footnotes":""},"_links":{"self":[{"href":"https:\/\/cuyofilms.com\/index.php?rest_route=\/wp\/v2\/pages\/1102"}],"collection":[{"href":"https:\/\/cuyofilms.com\/index.php?rest_route=\/wp\/v2\/pages"}],"about":[{"href":"https:\/\/cuyofilms.com\/index.php?rest_route=\/wp\/v2\/types\/page"}],"author":[{"embeddable":true,"href":"https:\/\/cuyofilms.com\/index.php?rest_route=\/wp\/v2\/users\/1"}],"replies":[{"embeddable":true,"href":"https:\/\/cuyofilms.com\/index.php?rest_route=%2Fwp%2Fv2%2Fcomments&post=1102"}],"version-history":[{"count":0,"href":"https:\/\/cuyofilms.com\/index.php?rest_route=\/wp\/v2\/pages\/1102\/revisions"}],"wp:attachment":[{"href":"https:\/\/cuyofilms.com\/index.php?rest_route=%2Fwp%2Fv2%2Fmedia&parent=1102"}],"curies":[{"name":"wp","href":"https:\/\/api.w.org\/{rel}","templated":true}]}}