{"id":824,"date":"2020-05-17T22:51:32","date_gmt":"2020-05-17T22:51:32","guid":{"rendered":"https:\/\/cuyofilms.com\/?page_id=824"},"modified":"2020-05-17T22:51:32","modified_gmt":"2020-05-17T22:51:32","slug":"acerca-de-cuyo-films","status":"publish","type":"page","link":"https:\/\/cuyofilms.com\/?page_id=824","title":{"rendered":"Acerca de Cuyo films"},"content":{"rendered":"\t\t<div data-elementor-type=\"wp-page\" data-elementor-id=\"824\" class=\"elementor elementor-824\">\n\t\t\t\t\t\t\t\t\t<section class=\"elementor-section elementor-top-section elementor-element elementor-element-428fa89 elementor-section-boxed elementor-section-height-default elementor-section-height-default\" data-id=\"428fa89\" data-element_type=\"section\">\n\t\t\t\t\t\t<div class=\"elementor-container elementor-column-gap-default\">\n\t\t\t\t\t<div class=\"elementor-column elementor-col-100 elementor-top-column elementor-element elementor-element-3647452\" data-id=\"3647452\" data-element_type=\"column\">\n\t\t\t<div class=\"elementor-widget-wrap elementor-element-populated\">\n\t\t\t\t\t\t\t\t<div class=\"elementor-element elementor-element-467819d elementor-widget elementor-widget-text-editor\" data-id=\"467819d\" data-element_type=\"widget\" data-widget_type=\"text-editor.default\">\n\t\t\t\t<div class=\"elementor-widget-container\">\n\t\t\t<style>\/*! elementor - v3.17.0 - 08-11-2023 *\/\n.elementor-widget-text-editor.elementor-drop-cap-view-stacked .elementor-drop-cap{background-color:#69727d;color:#fff}.elementor-widget-text-editor.elementor-drop-cap-view-framed .elementor-drop-cap{color:#69727d;border:3px solid;background-color:transparent}.elementor-widget-text-editor:not(.elementor-drop-cap-view-default) .elementor-drop-cap{margin-top:8px}.elementor-widget-text-editor:not(.elementor-drop-cap-view-default) .elementor-drop-cap-letter{width:1em;height:1em}.elementor-widget-text-editor .elementor-drop-cap{float:left;text-align:center;line-height:1;font-size:50px}.elementor-widget-text-editor .elementor-drop-cap-letter{display:inline-block}<\/style>\t\t\t\t<h4 class=\"_2cuy _3dgx _2vxa\"><strong><span class=\"_4yxo\">Cuyo films<\/span><\/strong> nace en 2007 con la intenci\u00f3n de realizar creaciones cinematogr\u00e1ficas independientes, principalmente en la Ciudad de M\u00e9xico. Est\u00e1 conformado por un equipo de entre 10 y 25 personas que componen el <span class=\"_4yxp\">crew <\/span>de cada nuevo proyecto en todas sus \u00e1reas, desde la producci\u00f3n, y direcci\u00f3n, hasta el dise\u00f1o de arte y fotograf\u00eda.<\/h4><h4 class=\"_2cuy _3dgx _2vxa\">Como productora ha realizados m\u00e1s de 15 cortometrajes de ficci\u00f3n,\u00a0 proyectos documentales, adem\u00e1s de spots, y video minutos. Las tem\u00e1ticas principales son de car\u00e1cter social, ambiental y en pro de los valores humanos.<\/h4><h4 class=\"_2cuy _3dgx _2vxa\">Entre sus trabajos destacan, los cortometrajes realizados para el festival <span class=\"_4yxp\">Eco film festival<\/span>, quedando seleccionados en 3 ocasiones, con los cortometrajes <em><span class=\"_4yxp\">Peque\u00f1os grandes cambios<\/span><\/em>, <span class=\"_4yxp\"><em>Pieza Clave<\/em> <\/span>y <em><span class=\"_4yxp\">Pensar diferente<\/span><\/em>, quedando en tercer lugar de la categor\u00eda ficci\u00f3n por <span class=\"_4yxp\"><em>Peque\u00f1os grandes cambios<\/em> (2012)<\/span>, y en segundo lugar en la categor\u00eda campa\u00f1a con <span class=\"_4yxp\"><em>Pieza clave<\/em> (2013)<\/span>.<\/h4><h4 class=\"_2cuy _3dgx _2vxa\">Otros premios obtenidos han sido CULTO JOVEN (2007) 3ER. FESTIVAL NACIONAL DE CORTOMETRAJE (2007) CONCURSO NACIONAL DE VIDEO (2010) y ganadores en tres ocasiones del programa DAME TV de MVS.<\/h4><h4 class=\"_2cuy _3dgx _2vxa\">Tambi\u00e9n ha realizado videos musicales para el ensamble de cuerdas \u201cYouak\u201d, para la canta-autora Claudia Arellano, y videos de interpretaciones en vivo como las del grupo de son jarocho \u201cSemilla\u201d.<\/h4><h4 class=\"_2cuy _3dgx _2vxa\">Desde 2016 y hasta la fecha, Cuyo films esta trabajando en su primer largometraje de ficci\u00f3n, titulado LA LLAMADA.<\/h4>\t\t\t\t\t\t<\/div>\n\t\t\t\t<\/div>\n\t\t\t\t\t<\/div>\n\t\t<\/div>\n\t\t\t\t\t\t\t<\/div>\n\t\t<\/section>\n\t\t\t\t<section class=\"elementor-section elementor-top-section elementor-element elementor-element-3d2cfc1 elementor-section-boxed elementor-section-height-default elementor-section-height-default\" data-id=\"3d2cfc1\" data-element_type=\"section\">\n\t\t\t\t\t\t<div class=\"elementor-container elementor-column-gap-default\">\n\t\t\t\t\t<div class=\"elementor-column elementor-col-100 elementor-top-column elementor-element elementor-element-f01a5b7\" data-id=\"f01a5b7\" data-element_type=\"column\">\n\t\t\t<div class=\"elementor-widget-wrap elementor-element-populated\">\n\t\t\t\t\t\t\t\t<div class=\"elementor-element elementor-element-acac5d5 elementor-widget elementor-widget-image\" data-id=\"acac5d5\" data-element_type=\"widget\" data-widget_type=\"image.default\">\n\t\t\t\t<div class=\"elementor-widget-container\">\n\t\t\t<style>\/*! elementor - v3.17.0 - 08-11-2023 *\/\n.elementor-widget-image{text-align:center}.elementor-widget-image a{display:inline-block}.elementor-widget-image a img[src$=\".svg\"]{width:48px}.elementor-widget-image img{vertical-align:middle;display:inline-block}<\/style>\t\t\t\t\t\t\t\t\t\t\t\t<img decoding=\"async\" src=\"http:\/\/cuyofilms.com\/wp-content\/uploads\/2020\/05\/17-jun-2-scaled.jpg\" title=\"\" alt=\"\" loading=\"lazy\" \/>\t\t\t\t\t\t\t\t\t\t\t\t\t\t\t<\/div>\n\t\t\t\t<\/div>\n\t\t\t\t\t<\/div>\n\t\t<\/div>\n\t\t\t\t\t\t\t<\/div>\n\t\t<\/section>\n\t\t\t\t<section class=\"elementor-section elementor-top-section elementor-element elementor-element-9f70b0d elementor-section-boxed elementor-section-height-default elementor-section-height-default\" data-id=\"9f70b0d\" data-element_type=\"section\">\n\t\t\t\t\t\t<div class=\"elementor-container elementor-column-gap-default\">\n\t\t\t\t\t<div class=\"elementor-column elementor-col-100 elementor-top-column elementor-element elementor-element-b54e17a\" data-id=\"b54e17a\" data-element_type=\"column\">\n\t\t\t<div class=\"elementor-widget-wrap elementor-element-populated\">\n\t\t\t\t\t\t\t\t<div class=\"elementor-element elementor-element-ad609af elementor-widget elementor-widget-image\" data-id=\"ad609af\" data-element_type=\"widget\" data-widget_type=\"image.default\">\n\t\t\t\t<div class=\"elementor-widget-container\">\n\t\t\t\t\t\t\t\t\t\t\t\t\t\t\t<img decoding=\"async\" src=\"http:\/\/cuyofilms.com\/wp-content\/uploads\/2020\/05\/logo-cuyo-films.jpg\" title=\"\" alt=\"\" loading=\"lazy\" \/>\t\t\t\t\t\t\t\t\t\t\t\t\t\t\t<\/div>\n\t\t\t\t<\/div>\n\t\t\t\t\t<\/div>\n\t\t<\/div>\n\t\t\t\t\t\t\t<\/div>\n\t\t<\/section>\n\t\t\t\t\t\t\t<\/div>\n\t\t","protected":false},"excerpt":{"rendered":"<p>Cuyo films nace en 2007 con la intenci\u00f3n de realizar creaciones cinematogr\u00e1ficas independientes, principalmente en la Ciudad de M\u00e9xico. Est\u00e1 conformado por [&hellip;]<\/p>\n","protected":false},"author":1,"featured_media":0,"parent":0,"menu_order":0,"comment_status":"closed","ping_status":"closed","template":"","meta":{"_coblocks_attr":"","_coblocks_dimensions":"","_coblocks_responsive_height":"","_coblocks_accordion_ie_support":"","footnotes":""},"_links":{"self":[{"href":"https:\/\/cuyofilms.com\/index.php?rest_route=\/wp\/v2\/pages\/824"}],"collection":[{"href":"https:\/\/cuyofilms.com\/index.php?rest_route=\/wp\/v2\/pages"}],"about":[{"href":"https:\/\/cuyofilms.com\/index.php?rest_route=\/wp\/v2\/types\/page"}],"author":[{"embeddable":true,"href":"https:\/\/cuyofilms.com\/index.php?rest_route=\/wp\/v2\/users\/1"}],"replies":[{"embeddable":true,"href":"https:\/\/cuyofilms.com\/index.php?rest_route=%2Fwp%2Fv2%2Fcomments&post=824"}],"version-history":[{"count":0,"href":"https:\/\/cuyofilms.com\/index.php?rest_route=\/wp\/v2\/pages\/824\/revisions"}],"wp:attachment":[{"href":"https:\/\/cuyofilms.com\/index.php?rest_route=%2Fwp%2Fv2%2Fmedia&parent=824"}],"curies":[{"name":"wp","href":"https:\/\/api.w.org\/{rel}","templated":true}]}}